{"id":177,"date":"2025-03-22T22:07:14","date_gmt":"2025-03-22T21:07:14","guid":{"rendered":"https:\/\/piamanus.pl\/?page_id=177"},"modified":"2025-07-15T17:11:58","modified_gmt":"2025-07-15T15:11:58","slug":"galeria","status":"publish","type":"page","link":"https:\/\/piamanus.pl\/?page_id=177","title":{"rendered":"Galeria"},"content":{"rendered":"\n<p><\/p>\n\n\n\n<p class=\"has-text-align-center\"><em><strong>Nos cum Prole Pia benedicat Virgo Maria !<\/strong><\/em><br><em>Niech Naj\u015bwi\u0119tsza Maryja Panna b\u0142ogos\u0142awi nas kochaj\u0105c\u0105 Rodzin\u0105 !<\/em><\/p>\n\n\n\n<p><\/p>\n\n\n\n<figure class=\"wp-block-image size-large\"><img loading=\"lazy\" decoding=\"async\" width=\"1024\" height=\"461\" src=\"http:\/\/piamanus.pl\/wp-content\/uploads\/2024\/10\/Piamanus-i-1024x461.jpg\" alt=\"\" class=\"wp-image-72\" srcset=\"https:\/\/piamanus.pl\/wp-content\/uploads\/2024\/10\/Piamanus-i-1024x461.jpg 1024w, https:\/\/piamanus.pl\/wp-content\/uploads\/2024\/10\/Piamanus-i-300x135.jpg 300w, https:\/\/piamanus.pl\/wp-content\/uploads\/2024\/10\/Piamanus-i-768x345.jpg 768w, https:\/\/piamanus.pl\/wp-content\/uploads\/2024\/10\/Piamanus-i-1536x691.jpg 1536w, https:\/\/piamanus.pl\/wp-content\/uploads\/2024\/10\/Piamanus-i.jpg 2048w\" sizes=\"auto, (max-width: 1024px) 100vw, 1024px\" \/><\/figure>\n\n\n\n<figure class=\"wp-block-image size-large\"><img loading=\"lazy\" decoding=\"async\" width=\"1024\" height=\"768\" src=\"http:\/\/piamanus.pl\/wp-content\/uploads\/2025\/03\/IMG_20250311_165139-1024x768.jpg\" alt=\"\" class=\"wp-image-224\" srcset=\"https:\/\/piamanus.pl\/wp-content\/uploads\/2025\/03\/IMG_20250311_165139-1024x768.jpg 1024w, https:\/\/piamanus.pl\/wp-content\/uploads\/2025\/03\/IMG_20250311_165139-300x225.jpg 300w, https:\/\/piamanus.pl\/wp-content\/uploads\/2025\/03\/IMG_20250311_165139-768x576.jpg 768w, https:\/\/piamanus.pl\/wp-content\/uploads\/2025\/03\/IMG_20250311_165139-1536x1152.jpg 1536w, https:\/\/piamanus.pl\/wp-content\/uploads\/2025\/03\/IMG_20250311_165139-2048x1536.jpg 2048w, https:\/\/piamanus.pl\/wp-content\/uploads\/2025\/03\/IMG_20250311_165139-440x330.jpg 440w, https:\/\/piamanus.pl\/wp-content\/uploads\/2025\/03\/IMG_20250311_165139-920x690.jpg 920w\" sizes=\"auto, (max-width: 1024px) 100vw, 1024px\" \/><\/figure>\n\n\n\n<figure class=\"wp-block-image size-large\"><img loading=\"lazy\" decoding=\"async\" width=\"1024\" height=\"768\" src=\"http:\/\/piamanus.pl\/wp-content\/uploads\/2025\/03\/IMG_20250311_183416-1024x768.jpg\" alt=\"\" class=\"wp-image-217\" srcset=\"https:\/\/piamanus.pl\/wp-content\/uploads\/2025\/03\/IMG_20250311_183416-1024x768.jpg 1024w, https:\/\/piamanus.pl\/wp-content\/uploads\/2025\/03\/IMG_20250311_183416-300x225.jpg 300w, https:\/\/piamanus.pl\/wp-content\/uploads\/2025\/03\/IMG_20250311_183416-768x576.jpg 768w, https:\/\/piamanus.pl\/wp-content\/uploads\/2025\/03\/IMG_20250311_183416-1536x1152.jpg 1536w, https:\/\/piamanus.pl\/wp-content\/uploads\/2025\/03\/IMG_20250311_183416-2048x1536.jpg 2048w, https:\/\/piamanus.pl\/wp-content\/uploads\/2025\/03\/IMG_20250311_183416-440x330.jpg 440w, https:\/\/piamanus.pl\/wp-content\/uploads\/2025\/03\/IMG_20250311_183416-920x690.jpg 920w\" sizes=\"auto, (max-width: 1024px) 100vw, 1024px\" \/><figcaption class=\"wp-element-caption\">_cuva<\/figcaption><\/figure>\n\n\n\n<figure class=\"wp-block-image size-large\"><img loading=\"lazy\" decoding=\"async\" width=\"1024\" height=\"473\" src=\"https:\/\/piamanus.pl\/wp-content\/uploads\/2025\/03\/Zdjecie-WhatsApp-2024-08-05-o-12.13.54_3ad20f01-1024x473.jpg\" alt=\"\" class=\"wp-image-219\" srcset=\"https:\/\/piamanus.pl\/wp-content\/uploads\/2025\/03\/Zdjecie-WhatsApp-2024-08-05-o-12.13.54_3ad20f01-1024x473.jpg 1024w, https:\/\/piamanus.pl\/wp-content\/uploads\/2025\/03\/Zdjecie-WhatsApp-2024-08-05-o-12.13.54_3ad20f01-300x138.jpg 300w, https:\/\/piamanus.pl\/wp-content\/uploads\/2025\/03\/Zdjecie-WhatsApp-2024-08-05-o-12.13.54_3ad20f01-768x354.jpg 768w, https:\/\/piamanus.pl\/wp-content\/uploads\/2025\/03\/Zdjecie-WhatsApp-2024-08-05-o-12.13.54_3ad20f01-1536x709.jpg 1536w, https:\/\/piamanus.pl\/wp-content\/uploads\/2025\/03\/Zdjecie-WhatsApp-2024-08-05-o-12.13.54_3ad20f01.jpg 2000w\" sizes=\"auto, (max-width: 1024px) 100vw, 1024px\" \/><\/figure>\n\n\n\n<figure class=\"wp-block-image size-large\"><img loading=\"lazy\" decoding=\"async\" width=\"1024\" height=\"473\" src=\"https:\/\/piamanus.pl\/wp-content\/uploads\/2025\/03\/Zdjecie-WhatsApp-2025-03-01-o-10.03.13_924962a6-1024x473.jpg\" alt=\"\" class=\"wp-image-220\" srcset=\"https:\/\/piamanus.pl\/wp-content\/uploads\/2025\/03\/Zdjecie-WhatsApp-2025-03-01-o-10.03.13_924962a6-1024x473.jpg 1024w, https:\/\/piamanus.pl\/wp-content\/uploads\/2025\/03\/Zdjecie-WhatsApp-2025-03-01-o-10.03.13_924962a6-300x138.jpg 300w, https:\/\/piamanus.pl\/wp-content\/uploads\/2025\/03\/Zdjecie-WhatsApp-2025-03-01-o-10.03.13_924962a6-768x354.jpg 768w, https:\/\/piamanus.pl\/wp-content\/uploads\/2025\/03\/Zdjecie-WhatsApp-2025-03-01-o-10.03.13_924962a6-1536x709.jpg 1536w, https:\/\/piamanus.pl\/wp-content\/uploads\/2025\/03\/Zdjecie-WhatsApp-2025-03-01-o-10.03.13_924962a6.jpg 2000w\" sizes=\"auto, (max-width: 1024px) 100vw, 1024px\" \/><\/figure>\n\n\n\n<figure class=\"wp-block-image size-large\"><img loading=\"lazy\" decoding=\"async\" width=\"1024\" height=\"473\" src=\"https:\/\/piamanus.pl\/wp-content\/uploads\/2025\/03\/Zdjecie-WhatsApp-2025-03-01-o-10.04.16_90580123-1024x473.jpg\" alt=\"\" class=\"wp-image-221\" srcset=\"https:\/\/piamanus.pl\/wp-content\/uploads\/2025\/03\/Zdjecie-WhatsApp-2025-03-01-o-10.04.16_90580123-1024x473.jpg 1024w, https:\/\/piamanus.pl\/wp-content\/uploads\/2025\/03\/Zdjecie-WhatsApp-2025-03-01-o-10.04.16_90580123-300x138.jpg 300w, https:\/\/piamanus.pl\/wp-content\/uploads\/2025\/03\/Zdjecie-WhatsApp-2025-03-01-o-10.04.16_90580123-768x354.jpg 768w, https:\/\/piamanus.pl\/wp-content\/uploads\/2025\/03\/Zdjecie-WhatsApp-2025-03-01-o-10.04.16_90580123-1536x709.jpg 1536w, https:\/\/piamanus.pl\/wp-content\/uploads\/2025\/03\/Zdjecie-WhatsApp-2025-03-01-o-10.04.16_90580123.jpg 2000w\" sizes=\"auto, (max-width: 1024px) 100vw, 1024px\" \/><\/figure>\n\n\n\n<figure class=\"wp-block-image size-large\"><img loading=\"lazy\" decoding=\"async\" width=\"1024\" height=\"473\" src=\"https:\/\/piamanus.pl\/wp-content\/uploads\/2025\/04\/Piamanus-foto-1024x473.jpg\" alt=\"\" class=\"wp-image-280\" srcset=\"https:\/\/piamanus.pl\/wp-content\/uploads\/2025\/04\/Piamanus-foto-1024x473.jpg 1024w, https:\/\/piamanus.pl\/wp-content\/uploads\/2025\/04\/Piamanus-foto-300x138.jpg 300w, https:\/\/piamanus.pl\/wp-content\/uploads\/2025\/04\/Piamanus-foto-768x354.jpg 768w, https:\/\/piamanus.pl\/wp-content\/uploads\/2025\/04\/Piamanus-foto-1536x709.jpg 1536w, https:\/\/piamanus.pl\/wp-content\/uploads\/2025\/04\/Piamanus-foto.jpg 2000w\" sizes=\"auto, (max-width: 1024px) 100vw, 1024px\" \/><\/figure>\n\n\n\n<figure class=\"wp-block-image size-large\"><img loading=\"lazy\" decoding=\"async\" width=\"1024\" height=\"461\" src=\"https:\/\/piamanus.pl\/wp-content\/uploads\/2025\/03\/Piamanus-z-kx-Marcinem-1024x461.jpg\" alt=\"\" class=\"wp-image-254\" srcset=\"https:\/\/piamanus.pl\/wp-content\/uploads\/2025\/03\/Piamanus-z-kx-Marcinem-1024x461.jpg 1024w, https:\/\/piamanus.pl\/wp-content\/uploads\/2025\/03\/Piamanus-z-kx-Marcinem-300x135.jpg 300w, https:\/\/piamanus.pl\/wp-content\/uploads\/2025\/03\/Piamanus-z-kx-Marcinem-768x346.jpg 768w, https:\/\/piamanus.pl\/wp-content\/uploads\/2025\/03\/Piamanus-z-kx-Marcinem-1536x691.jpg 1536w, https:\/\/piamanus.pl\/wp-content\/uploads\/2025\/03\/Piamanus-z-kx-Marcinem-2048x922.jpg 2048w\" sizes=\"auto, (max-width: 1024px) 100vw, 1024px\" \/><\/figure>\n\n\n\n<figure class=\"wp-block-image size-large\"><img loading=\"lazy\" decoding=\"async\" width=\"1024\" height=\"644\" src=\"https:\/\/piamanus.pl\/wp-content\/uploads\/2025\/07\/Piamanus-Rekolekcje-1024x644.jpg\" alt=\"\" class=\"wp-image-286\" srcset=\"https:\/\/piamanus.pl\/wp-content\/uploads\/2025\/07\/Piamanus-Rekolekcje-1024x644.jpg 1024w, https:\/\/piamanus.pl\/wp-content\/uploads\/2025\/07\/Piamanus-Rekolekcje-300x189.jpg 300w, https:\/\/piamanus.pl\/wp-content\/uploads\/2025\/07\/Piamanus-Rekolekcje-768x483.jpg 768w, https:\/\/piamanus.pl\/wp-content\/uploads\/2025\/07\/Piamanus-Rekolekcje.jpg 1263w\" sizes=\"auto, (max-width: 1024px) 100vw, 1024px\" \/><\/figure>\n\n\n\n<figure class=\"wp-block-image size-large\"><img loading=\"lazy\" decoding=\"async\" width=\"1024\" height=\"602\" src=\"https:\/\/piamanus.pl\/wp-content\/uploads\/2025\/07\/IMG_20230108_172420-1024x602.jpg\" alt=\"\" class=\"wp-image-291\" srcset=\"https:\/\/piamanus.pl\/wp-content\/uploads\/2025\/07\/IMG_20230108_172420-1024x602.jpg 1024w, https:\/\/piamanus.pl\/wp-content\/uploads\/2025\/07\/IMG_20230108_172420-300x177.jpg 300w, https:\/\/piamanus.pl\/wp-content\/uploads\/2025\/07\/IMG_20230108_172420-768x452.jpg 768w, https:\/\/piamanus.pl\/wp-content\/uploads\/2025\/07\/IMG_20230108_172420-1536x904.jpg 1536w, https:\/\/piamanus.pl\/wp-content\/uploads\/2025\/07\/IMG_20230108_172420-2048x1205.jpg 2048w\" sizes=\"auto, (max-width: 1024px) 100vw, 1024px\" \/><\/figure>\n","protected":false},"excerpt":{"rendered":"<p>Nos cum Prole Pia benedicat Virgo Maria !Niech Naj\u015bwi\u0119tsza Maryja Panna b\u0142ogos\u0142awi nas kochaj\u0105c\u0105 Rodzin\u0105 !<\/p>\n","protected":false},"author":1,"featured_media":0,"parent":0,"menu_order":0,"comment_status":"closed","ping_status":"closed","template":"","meta":{"footnotes":""},"class_list":["post-177","page","type-page","status-publish","hentry"],"_links":{"self":[{"href":"https:\/\/piamanus.pl\/index.php?rest_route=\/wp\/v2\/pages\/177","targetHints":{"allow":["GET"]}}],"collection":[{"href":"https:\/\/piamanus.pl\/index.php?rest_route=\/wp\/v2\/pages"}],"about":[{"href":"https:\/\/piamanus.pl\/index.php?rest_route=\/wp\/v2\/types\/page"}],"author":[{"embeddable":true,"href":"https:\/\/piamanus.pl\/index.php?rest_route=\/wp\/v2\/users\/1"}],"replies":[{"embeddable":true,"href":"https:\/\/piamanus.pl\/index.php?rest_route=%2Fwp%2Fv2%2Fcomments&post=177"}],"version-history":[{"count":13,"href":"https:\/\/piamanus.pl\/index.php?rest_route=\/wp\/v2\/pages\/177\/revisions"}],"predecessor-version":[{"id":294,"href":"https:\/\/piamanus.pl\/index.php?rest_route=\/wp\/v2\/pages\/177\/revisions\/294"}],"wp:attachment":[{"href":"https:\/\/piamanus.pl\/index.php?rest_route=%2Fwp%2Fv2%2Fmedia&parent=177"}],"curies":[{"name":"wp","href":"https:\/\/api.w.org\/{rel}","templated":true}]}}